{"id":14,"date":"2019-11-21T16:04:12","date_gmt":"2019-11-21T15:04:12","guid":{"rendered":"https:\/\/yachting-home.com\/blog\/?page_id=14"},"modified":"2019-11-25T14:39:52","modified_gmt":"2019-11-25T13:39:52","slug":"contact","status":"publish","type":"page","link":"https:\/\/www.yachting-home.com\/blog\/contact\/","title":{"rendered":"Contact"},"content":{"rendered":"\n<p>Vous pouvez nous contacter par t\u00e9l\u00e9phone au 05 46 52 04 25 du lundi au vendredi de 8h30 \u00e0 12h30 et de 14h \u00e0 18h.<\/p>\n\n\n\n<p><strong>Ou nous \u00e9crire par mail en remplissant le formulaire ci-dessous :<\/strong><\/p>\n\n\n\n\n<div class=\"wpcf7 no-js\" id=\"wpcf7-f13-o1\" lang=\"fr-FR\" dir=\"ltr\" data-wpcf7-id=\"13\">\n<div class=\"screen-reader-response\"><p role=\"status\" aria-live=\"polite\" aria-atomic=\"true\"><\/p> <ul><\/ul><\/div>\n<form action=\"\/blog\/wp-json\/wp\/v2\/pages\/14#wpcf7-f13-o1\" method=\"post\" class=\"wpcf7-form init\" aria-label=\"Formulaire de contact\" novalidate=\"novalidate\" data-status=\"init\">\n<fieldset class=\"hidden-fields-container\"><input type=\"hidden\" name=\"_wpcf7\" value=\"13\" \/><input type=\"hidden\" name=\"_wpcf7_version\" value=\"6.1.3\" \/><input type=\"hidden\" name=\"_wpcf7_locale\" value=\"fr_FR\" \/><input type=\"hidden\" name=\"_wpcf7_unit_tag\" value=\"wpcf7-f13-o1\" \/><input type=\"hidden\" name=\"_wpcf7_container_post\" value=\"0\" \/><input type=\"hidden\" name=\"_wpcf7_posted_data_hash\" value=\"\" \/>\n<\/fieldset>\n<p><label> Votre nom (obligatoire)<br \/>\n<span class=\"wpcf7-form-control-wrap\" data-name=\"your-name\"><input size=\"40\" maxlength=\"400\" class=\"wpcf7-form-control wpcf7-text wpcf7-validates-as-required\" aria-required=\"true\" aria-invalid=\"false\" value=\"\" type=\"text\" name=\"your-name\" \/><\/span> <\/label>\n<\/p>\n<p><label> Votre adresse de messagerie (obligatoire)<br \/>\n<span class=\"wpcf7-form-control-wrap\" data-name=\"your-email\"><input size=\"40\" maxlength=\"400\" class=\"wpcf7-form-control wpcf7-email wpcf7-validates-as-required wpcf7-text wpcf7-validates-as-email\" aria-required=\"true\" aria-invalid=\"false\" value=\"\" type=\"email\" name=\"your-email\" \/><\/span> <\/label>\n<\/p>\n<p><label> Objet<br \/>\n<span class=\"wpcf7-form-control-wrap\" data-name=\"your-subject\"><input size=\"40\" maxlength=\"400\" class=\"wpcf7-form-control wpcf7-text\" aria-invalid=\"false\" value=\"\" type=\"text\" name=\"your-subject\" \/><\/span> <\/label>\n<\/p>\n<p><label> Votre message<br \/>\n<span class=\"wpcf7-form-control-wrap\" data-name=\"your-message\"><textarea cols=\"40\" rows=\"10\" maxlength=\"2000\" class=\"wpcf7-form-control wpcf7-textarea\" aria-invalid=\"false\" name=\"your-message\"><\/textarea><\/span> <\/label>\n<\/p>\n<p><span class=\"wpcf7-form-control-wrap kc_captcha\" data-name=\"kc_captcha\"><span class=\"wpcf7-form-control wpcf7-radio\"><span class=\"captcha-image\" ><span class=\"cf7ic_instructions\">Veuillez prouver que vous \u00eates humain en s\u00e9lectionnant<span> la tasse<\/span>.<\/span><label><input aria-label=\"1\" type=\"radio\" name=\"kc_captcha\" value=\"bot\" \/><svg aria-hidden=\"true\" role=\"img\" xmlns=\"http:\/\/www.w3.org\/2000\/svg\" viewBox=\"0 0 576 512\"><path fill=\"currentColor\" d=\"M415 24c-53 0-103 42-127 65-24-23-74-65-127-65C70 24 16 77 16 166c0 72 67 133 69 135l187 181c9 8 23 8 32 0l187-180c2-3 69-64 69-136 0-89-54-142-145-142z\"\/><\/svg><\/label><label><input aria-label=\"2\" type=\"radio\" name=\"kc_captcha\" value=\"kc_human\" \/><svg aria-hidden=\"true\" role=\"img\" xmlns=\"http:\/\/www.w3.org\/2000\/svg\" viewBox=\"0 0 640 512\"><path fill=\"currentColor\" d=\"M192 384h192c53 0 96-43 96-96h32a128 128 0 000-256H120c-13 0-24 11-24 24v232c0 53 43 96 96 96zM512 96a64 64 0 010 128h-32V96h32zm48 384H48c-47 0-61-64-36-64h584c25 0 11 64-36 64z\"\/><\/svg><\/label><label><input aria-label=\"3\" type=\"radio\" name=\"kc_captcha\" value=\"bot\" \/><svg aria-hidden=\"true\" role=\"img\" xmlns=\"http:\/\/www.w3.org\/2000\/svg\" viewBox=\"0 0 640 512\"><path fill=\"currentColor\" d=\"M624 352h-16V244c0-13-5-25-14-34L494 110c-9-9-21-14-34-14h-44V48c0-26-21-48-48-48H48C22 0 0 22 0 48v320c0 27 22 48 48 48h16a96 96 0 00192 0h128a96 96 0 00192 0h48c9 0 16-7 16-16v-32c0-9-7-16-16-16zM160 464a48 48 0 110-96 48 48 0 010 96zm320 0a48 48 0 110-96 48 48 0 010 96zm80-208H416V144h44l100 100v12z\"\/><\/svg><\/label>\r\n    <\/span>\r\n    <span style=\"display:none\">\r\n        <input type=\"text\" name=\"kc_honeypot\">\r\n    <\/span><\/span><\/span>\n<\/p>\n<p><input class=\"wpcf7-form-control wpcf7-submit has-spinner\" type=\"submit\" value=\"Envoyer\" \/>\n<\/p><p style=\"display: none !important;\" class=\"akismet-fields-container\" data-prefix=\"_wpcf7_ak_\"><label>&#916;<textarea name=\"_wpcf7_ak_hp_textarea\" cols=\"45\" rows=\"8\" maxlength=\"100\"><\/textarea><\/label><input type=\"hidden\" id=\"ak_js_1\" name=\"_wpcf7_ak_js\" value=\"184\"\/><script>document.getElementById( \"ak_js_1\" ).setAttribute( \"value\", ( new Date() ).getTime() );<\/script><\/p><div class=\"wpcf7-response-output\" aria-hidden=\"true\"><\/div>\n<\/form>\n<\/div>\n\n","protected":false},"excerpt":{"rendered":"<p>Vous pouvez nous contacter par t\u00e9l\u00e9phone au 05 46 52 04 25 du lundi au vendredi de 8h30 \u00e0 12h30 et de 14h \u00e0 18h. Ou nous \u00e9crire par mail en remplissant le formulaire ci-dessous :<\/p>\n","protected":false},"author":1,"featured_media":0,"parent":0,"menu_order":0,"comment_status":"closed","ping_status":"closed","template":"","meta":{"footnotes":""},"class_list":["post-14","page","type-page","status-publish","czr-hentry"],"yoast_head":"<!-- This site is optimized with the Yoast SEO plugin v26.4 - https:\/\/yoast.com\/wordpress\/plugins\/seo\/ -->\n<title>Contact - Yachting Home<\/title>\n<meta name=\"robots\" content=\"index, follow, max-snippet:-1, max-image-preview:large, max-video-preview:-1\" \/>\n<link rel=\"canonical\" href=\"https:\/\/www.yachting-home.com\/blog\/contact\/\" \/>\n<meta property=\"og:locale\" content=\"fr_FR\" \/>\n<meta property=\"og:type\" content=\"article\" \/>\n<meta property=\"og:title\" content=\"Contact - Yachting Home\" \/>\n<meta property=\"og:description\" content=\"Vous pouvez nous contacter par t\u00e9l\u00e9phone au 05 46 52 04 25 du lundi au vendredi de 8h30 \u00e0 12h30 et de 14h \u00e0 18h. Ou nous \u00e9crire par mail en remplissant le formulaire ci-dessous :\" \/>\n<meta property=\"og:url\" content=\"https:\/\/www.yachting-home.com\/blog\/contact\/\" \/>\n<meta property=\"og:site_name\" content=\"Yachting Home\" \/>\n<meta property=\"article:publisher\" content=\"https:\/\/www.facebook.com\/yachtinghome\/\" \/>\n<meta property=\"article:modified_time\" content=\"2019-11-25T13:39:52+00:00\" \/>\n<meta name=\"twitter:card\" content=\"summary_large_image\" \/>\n<script type=\"application\/ld+json\" class=\"yoast-schema-graph\">{\"@context\":\"https:\/\/schema.org\",\"@graph\":[{\"@type\":\"WebPage\",\"@id\":\"https:\/\/www.yachting-home.com\/blog\/contact\/\",\"url\":\"https:\/\/www.yachting-home.com\/blog\/contact\/\",\"name\":\"Contact - Yachting Home\",\"isPartOf\":{\"@id\":\"https:\/\/www.yachting-home.com\/blog\/#website\"},\"datePublished\":\"2019-11-21T15:04:12+00:00\",\"dateModified\":\"2019-11-25T13:39:52+00:00\",\"breadcrumb\":{\"@id\":\"https:\/\/www.yachting-home.com\/blog\/contact\/#breadcrumb\"},\"inLanguage\":\"fr-FR\",\"potentialAction\":[{\"@type\":\"ReadAction\",\"target\":[\"https:\/\/www.yachting-home.com\/blog\/contact\/\"]}]},{\"@type\":\"BreadcrumbList\",\"@id\":\"https:\/\/www.yachting-home.com\/blog\/contact\/#breadcrumb\",\"itemListElement\":[{\"@type\":\"ListItem\",\"position\":1,\"name\":\"Accueil\",\"item\":\"https:\/\/www.yachting-home.com\/blog\/\"},{\"@type\":\"ListItem\",\"position\":2,\"name\":\"Contact\"}]},{\"@type\":\"WebSite\",\"@id\":\"https:\/\/www.yachting-home.com\/blog\/#website\",\"url\":\"https:\/\/www.yachting-home.com\/blog\/\",\"name\":\"Blog Yachting Home\",\"description\":\"Des conseils et astuces pour votre confort \u00e0 bord\",\"publisher\":{\"@id\":\"https:\/\/www.yachting-home.com\/blog\/#organization\"},\"potentialAction\":[{\"@type\":\"SearchAction\",\"target\":{\"@type\":\"EntryPoint\",\"urlTemplate\":\"https:\/\/www.yachting-home.com\/blog\/?s={search_term_string}\"},\"query-input\":{\"@type\":\"PropertyValueSpecification\",\"valueRequired\":true,\"valueName\":\"search_term_string\"}}],\"inLanguage\":\"fr-FR\"},{\"@type\":\"Organization\",\"@id\":\"https:\/\/www.yachting-home.com\/blog\/#organization\",\"name\":\"Yachting Home\",\"url\":\"https:\/\/www.yachting-home.com\/blog\/\",\"logo\":{\"@type\":\"ImageObject\",\"inLanguage\":\"fr-FR\",\"@id\":\"https:\/\/www.yachting-home.com\/blog\/#\/schema\/logo\/image\/\",\"url\":\"https:\/\/www.yachting-home.com\/blog\/wp-content\/uploads\/2025\/06\/logo-YH-2.jpg\",\"contentUrl\":\"https:\/\/www.yachting-home.com\/blog\/wp-content\/uploads\/2025\/06\/logo-YH-2.jpg\",\"width\":1384,\"height\":357,\"caption\":\"Yachting Home\"},\"image\":{\"@id\":\"https:\/\/www.yachting-home.com\/blog\/#\/schema\/logo\/image\/\"},\"sameAs\":[\"https:\/\/www.facebook.com\/yachtinghome\/\",\"https:\/\/fr.pinterest.com\/yachtinghome\/\",\"https:\/\/www.instagram.com\/yachting_home\/\"]}]}<\/script>\n<!-- \/ Yoast SEO plugin. -->","yoast_head_json":{"title":"Contact - Yachting Home","robots":{"index":"index","follow":"follow","max-snippet":"max-snippet:-1","max-image-preview":"max-image-preview:large","max-video-preview":"max-video-preview:-1"},"canonical":"https:\/\/www.yachting-home.com\/blog\/contact\/","og_locale":"fr_FR","og_type":"article","og_title":"Contact - Yachting Home","og_description":"Vous pouvez nous contacter par t\u00e9l\u00e9phone au 05 46 52 04 25 du lundi au vendredi de 8h30 \u00e0 12h30 et de 14h \u00e0 18h. Ou nous \u00e9crire par mail en remplissant le formulaire ci-dessous :","og_url":"https:\/\/www.yachting-home.com\/blog\/contact\/","og_site_name":"Yachting Home","article_publisher":"https:\/\/www.facebook.com\/yachtinghome\/","article_modified_time":"2019-11-25T13:39:52+00:00","twitter_card":"summary_large_image","schema":{"@context":"https:\/\/schema.org","@graph":[{"@type":"WebPage","@id":"https:\/\/www.yachting-home.com\/blog\/contact\/","url":"https:\/\/www.yachting-home.com\/blog\/contact\/","name":"Contact - Yachting Home","isPartOf":{"@id":"https:\/\/www.yachting-home.com\/blog\/#website"},"datePublished":"2019-11-21T15:04:12+00:00","dateModified":"2019-11-25T13:39:52+00:00","breadcrumb":{"@id":"https:\/\/www.yachting-home.com\/blog\/contact\/#breadcrumb"},"inLanguage":"fr-FR","potentialAction":[{"@type":"ReadAction","target":["https:\/\/www.yachting-home.com\/blog\/contact\/"]}]},{"@type":"BreadcrumbList","@id":"https:\/\/www.yachting-home.com\/blog\/contact\/#breadcrumb","itemListElement":[{"@type":"ListItem","position":1,"name":"Accueil","item":"https:\/\/www.yachting-home.com\/blog\/"},{"@type":"ListItem","position":2,"name":"Contact"}]},{"@type":"WebSite","@id":"https:\/\/www.yachting-home.com\/blog\/#website","url":"https:\/\/www.yachting-home.com\/blog\/","name":"Blog Yachting Home","description":"Des conseils et astuces pour votre confort \u00e0 bord","publisher":{"@id":"https:\/\/www.yachting-home.com\/blog\/#organization"},"potentialAction":[{"@type":"SearchAction","target":{"@type":"EntryPoint","urlTemplate":"https:\/\/www.yachting-home.com\/blog\/?s={search_term_string}"},"query-input":{"@type":"PropertyValueSpecification","valueRequired":true,"valueName":"search_term_string"}}],"inLanguage":"fr-FR"},{"@type":"Organization","@id":"https:\/\/www.yachting-home.com\/blog\/#organization","name":"Yachting Home","url":"https:\/\/www.yachting-home.com\/blog\/","logo":{"@type":"ImageObject","inLanguage":"fr-FR","@id":"https:\/\/www.yachting-home.com\/blog\/#\/schema\/logo\/image\/","url":"https:\/\/www.yachting-home.com\/blog\/wp-content\/uploads\/2025\/06\/logo-YH-2.jpg","contentUrl":"https:\/\/www.yachting-home.com\/blog\/wp-content\/uploads\/2025\/06\/logo-YH-2.jpg","width":1384,"height":357,"caption":"Yachting Home"},"image":{"@id":"https:\/\/www.yachting-home.com\/blog\/#\/schema\/logo\/image\/"},"sameAs":["https:\/\/www.facebook.com\/yachtinghome\/","https:\/\/fr.pinterest.com\/yachtinghome\/","https:\/\/www.instagram.com\/yachting_home\/"]}]}},"_links":{"self":[{"href":"https:\/\/www.yachting-home.com\/blog\/wp-json\/wp\/v2\/pages\/14","targetHints":{"allow":["GET"]}}],"collection":[{"href":"https:\/\/www.yachting-home.com\/blog\/wp-json\/wp\/v2\/pages"}],"about":[{"href":"https:\/\/www.yachting-home.com\/blog\/wp-json\/wp\/v2\/types\/page"}],"author":[{"embeddable":true,"href":"https:\/\/www.yachting-home.com\/blog\/wp-json\/wp\/v2\/users\/1"}],"replies":[{"embeddable":true,"href":"https:\/\/www.yachting-home.com\/blog\/wp-json\/wp\/v2\/comments?post=14"}],"version-history":[{"count":4,"href":"https:\/\/www.yachting-home.com\/blog\/wp-json\/wp\/v2\/pages\/14\/revisions"}],"predecessor-version":[{"id":18,"href":"https:\/\/www.yachting-home.com\/blog\/wp-json\/wp\/v2\/pages\/14\/revisions\/18"}],"wp:attachment":[{"href":"https:\/\/www.yachting-home.com\/blog\/wp-json\/wp\/v2\/media?parent=14"}],"curies":[{"name":"wp","href":"https:\/\/api.w.org\/{rel}","templated":true}]}}