{"id":2,"date":"2019-10-16T12:32:10","date_gmt":"2019-10-16T10:32:10","guid":{"rendered":"https:\/\/yachting-home.com\/blog3\/?page_id=2"},"modified":"2019-11-25T14:43:20","modified_gmt":"2019-11-25T13:43:20","slug":"page-d-exemple","status":"publish","type":"page","link":"https:\/\/www.yachting-home.com\/blog\/page-d-exemple\/","title":{"rendered":"A propos de Yachting Home"},"content":{"rendered":"\n<p>Ceci est une page d\u2019exemple. C\u2019est diff\u00e9rent d\u2019un article de blog parce qu\u2019elle restera au m\u00eame endroit et appara\u00eetra dans la navigation de votre site (dans la plupart des th\u00e8mes). La plupart des gens commencent par une page \u00ab&nbsp;\u00c0 propos&nbsp;\u00bb qui les pr\u00e9sente aux visiteurs du site. Cela pourrait ressembler \u00e0 quelque chose comme cela&nbsp;:<\/p>\n\n\n\n<blockquote class=\"wp-block-quote is-layout-flow wp-block-quote-is-layout-flow\"><p>Bonjour&nbsp;! Je suis un m\u00e9canicien qui aspire \u00e0 devenir acteur, et voici mon site. J\u2019habite \u00e0 Bordeaux, j\u2019ai un super chien baptis\u00e9 Russell, et j\u2019aime la vodka-ananas (ainsi qu\u2019\u00eatre surpris par la pluie soudaine lors de longues balades sur la plage au coucher du soleil).<\/p><\/blockquote>\n\n\n\n<p>&#8230; ou quelque chose comme cela&nbsp;:<\/p>\n\n\n\n<blockquote class=\"wp-block-quote is-layout-flow wp-block-quote-is-layout-flow\"><p>La soci\u00e9t\u00e9 123 Machin Truc a \u00e9t\u00e9 cr\u00e9\u00e9e en 1971, et n\u2019a cess\u00e9 de proposer au public des machins-trucs de qualit\u00e9 depuis lors. Situ\u00e9e \u00e0 Saint-Remy-en-Bouzemont-Saint-Genest-et-Isson, 123 Machin Truc emploie 2 000 personnes, et fabrique toutes sortes de bidules super pour la communaut\u00e9 bouzemontoise.<\/p><\/blockquote>\n\n\n\n<p>En tant que nouvel\u00b7le utilisateur ou utilisatrice de WordPress, vous devriez vous rendre sur <a href=\"https:\/\/yachting-home.com\/blog3\/wp-admin\/\">votre tableau de bord<\/a> pour supprimer cette page et cr\u00e9er de nouvelles pages pour votre contenu. Amusez-vous bien&nbsp;!<\/p>\n","protected":false},"excerpt":{"rendered":"<p>Ceci est une page d\u2019exemple. C\u2019est diff\u00e9rent d\u2019un article de blog parce qu\u2019elle restera au m\u00eame endroit et appara\u00eetra dans la navigation de votre site (dans la plupart des th\u00e8mes). La plupart des gens commencent par une page \u00ab&nbsp;\u00c0 propos&nbsp;\u00bb qui les pr\u00e9sente aux visiteurs du site. Cela pourrait ressembler \u00e0 quelque chose comme cela&nbsp;: [&hellip;]<\/p>\n","protected":false},"author":1,"featured_media":0,"parent":0,"menu_order":0,"comment_status":"closed","ping_status":"open","template":"","meta":{"footnotes":""},"class_list":["post-2","page","type-page","status-publish","czr-hentry"],"yoast_head":"<!-- This site is optimized with the Yoast SEO plugin v26.4 - https:\/\/yoast.com\/wordpress\/plugins\/seo\/ -->\n<title>A propos de Yachting Home - Yachting Home<\/title>\n<meta name=\"robots\" content=\"index, follow, max-snippet:-1, max-image-preview:large, max-video-preview:-1\" \/>\n<link rel=\"canonical\" href=\"https:\/\/www.yachting-home.com\/blog\/page-d-exemple\/\" \/>\n<meta property=\"og:locale\" content=\"fr_FR\" \/>\n<meta property=\"og:type\" content=\"article\" \/>\n<meta property=\"og:title\" content=\"A propos de Yachting Home - Yachting Home\" \/>\n<meta property=\"og:description\" content=\"Ceci est une page d\u2019exemple. C\u2019est diff\u00e9rent d\u2019un article de blog parce qu\u2019elle restera au m\u00eame endroit et appara\u00eetra dans la navigation de votre site (dans la plupart des th\u00e8mes). La plupart des gens commencent par une page \u00ab&nbsp;\u00c0 propos&nbsp;\u00bb qui les pr\u00e9sente aux visiteurs du site. Cela pourrait ressembler \u00e0 quelque chose comme cela&nbsp;: [&hellip;]\" \/>\n<meta property=\"og:url\" content=\"https:\/\/www.yachting-home.com\/blog\/page-d-exemple\/\" \/>\n<meta property=\"og:site_name\" content=\"Yachting Home\" \/>\n<meta property=\"article:publisher\" content=\"https:\/\/www.facebook.com\/yachtinghome\/\" \/>\n<meta property=\"article:modified_time\" content=\"2019-11-25T13:43:20+00:00\" \/>\n<meta name=\"twitter:card\" content=\"summary_large_image\" \/>\n<meta name=\"twitter:label1\" content=\"Dur\u00e9e de lecture estim\u00e9e\" \/>\n\t<meta name=\"twitter:data1\" content=\"1 minute\" \/>\n<script type=\"application\/ld+json\" class=\"yoast-schema-graph\">{\"@context\":\"https:\/\/schema.org\",\"@graph\":[{\"@type\":\"WebPage\",\"@id\":\"https:\/\/www.yachting-home.com\/blog\/page-d-exemple\/\",\"url\":\"https:\/\/www.yachting-home.com\/blog\/page-d-exemple\/\",\"name\":\"A propos de Yachting Home - Yachting Home\",\"isPartOf\":{\"@id\":\"https:\/\/www.yachting-home.com\/blog\/#website\"},\"datePublished\":\"2019-10-16T10:32:10+00:00\",\"dateModified\":\"2019-11-25T13:43:20+00:00\",\"breadcrumb\":{\"@id\":\"https:\/\/www.yachting-home.com\/blog\/page-d-exemple\/#breadcrumb\"},\"inLanguage\":\"fr-FR\",\"potentialAction\":[{\"@type\":\"ReadAction\",\"target\":[\"https:\/\/www.yachting-home.com\/blog\/page-d-exemple\/\"]}]},{\"@type\":\"BreadcrumbList\",\"@id\":\"https:\/\/www.yachting-home.com\/blog\/page-d-exemple\/#breadcrumb\",\"itemListElement\":[{\"@type\":\"ListItem\",\"position\":1,\"name\":\"Accueil\",\"item\":\"https:\/\/www.yachting-home.com\/blog\/\"},{\"@type\":\"ListItem\",\"position\":2,\"name\":\"A propos de Yachting Home\"}]},{\"@type\":\"WebSite\",\"@id\":\"https:\/\/www.yachting-home.com\/blog\/#website\",\"url\":\"https:\/\/www.yachting-home.com\/blog\/\",\"name\":\"Blog Yachting Home\",\"description\":\"Des conseils et astuces pour votre confort \u00e0 bord\",\"publisher\":{\"@id\":\"https:\/\/www.yachting-home.com\/blog\/#organization\"},\"potentialAction\":[{\"@type\":\"SearchAction\",\"target\":{\"@type\":\"EntryPoint\",\"urlTemplate\":\"https:\/\/www.yachting-home.com\/blog\/?s={search_term_string}\"},\"query-input\":{\"@type\":\"PropertyValueSpecification\",\"valueRequired\":true,\"valueName\":\"search_term_string\"}}],\"inLanguage\":\"fr-FR\"},{\"@type\":\"Organization\",\"@id\":\"https:\/\/www.yachting-home.com\/blog\/#organization\",\"name\":\"Yachting Home\",\"url\":\"https:\/\/www.yachting-home.com\/blog\/\",\"logo\":{\"@type\":\"ImageObject\",\"inLanguage\":\"fr-FR\",\"@id\":\"https:\/\/www.yachting-home.com\/blog\/#\/schema\/logo\/image\/\",\"url\":\"https:\/\/www.yachting-home.com\/blog\/wp-content\/uploads\/2025\/06\/logo-YH-2.jpg\",\"contentUrl\":\"https:\/\/www.yachting-home.com\/blog\/wp-content\/uploads\/2025\/06\/logo-YH-2.jpg\",\"width\":1384,\"height\":357,\"caption\":\"Yachting Home\"},\"image\":{\"@id\":\"https:\/\/www.yachting-home.com\/blog\/#\/schema\/logo\/image\/\"},\"sameAs\":[\"https:\/\/www.facebook.com\/yachtinghome\/\",\"https:\/\/fr.pinterest.com\/yachtinghome\/\",\"https:\/\/www.instagram.com\/yachting_home\/\"]}]}<\/script>\n<!-- \/ Yoast SEO plugin. -->","yoast_head_json":{"title":"A propos de Yachting Home - Yachting Home","robots":{"index":"index","follow":"follow","max-snippet":"max-snippet:-1","max-image-preview":"max-image-preview:large","max-video-preview":"max-video-preview:-1"},"canonical":"https:\/\/www.yachting-home.com\/blog\/page-d-exemple\/","og_locale":"fr_FR","og_type":"article","og_title":"A propos de Yachting Home - Yachting Home","og_description":"Ceci est une page d\u2019exemple. C\u2019est diff\u00e9rent d\u2019un article de blog parce qu\u2019elle restera au m\u00eame endroit et appara\u00eetra dans la navigation de votre site (dans la plupart des th\u00e8mes). La plupart des gens commencent par une page \u00ab&nbsp;\u00c0 propos&nbsp;\u00bb qui les pr\u00e9sente aux visiteurs du site. Cela pourrait ressembler \u00e0 quelque chose comme cela&nbsp;: [&hellip;]","og_url":"https:\/\/www.yachting-home.com\/blog\/page-d-exemple\/","og_site_name":"Yachting Home","article_publisher":"https:\/\/www.facebook.com\/yachtinghome\/","article_modified_time":"2019-11-25T13:43:20+00:00","twitter_card":"summary_large_image","twitter_misc":{"Dur\u00e9e de lecture estim\u00e9e":"1 minute"},"schema":{"@context":"https:\/\/schema.org","@graph":[{"@type":"WebPage","@id":"https:\/\/www.yachting-home.com\/blog\/page-d-exemple\/","url":"https:\/\/www.yachting-home.com\/blog\/page-d-exemple\/","name":"A propos de Yachting Home - Yachting Home","isPartOf":{"@id":"https:\/\/www.yachting-home.com\/blog\/#website"},"datePublished":"2019-10-16T10:32:10+00:00","dateModified":"2019-11-25T13:43:20+00:00","breadcrumb":{"@id":"https:\/\/www.yachting-home.com\/blog\/page-d-exemple\/#breadcrumb"},"inLanguage":"fr-FR","potentialAction":[{"@type":"ReadAction","target":["https:\/\/www.yachting-home.com\/blog\/page-d-exemple\/"]}]},{"@type":"BreadcrumbList","@id":"https:\/\/www.yachting-home.com\/blog\/page-d-exemple\/#breadcrumb","itemListElement":[{"@type":"ListItem","position":1,"name":"Accueil","item":"https:\/\/www.yachting-home.com\/blog\/"},{"@type":"ListItem","position":2,"name":"A propos de Yachting Home"}]},{"@type":"WebSite","@id":"https:\/\/www.yachting-home.com\/blog\/#website","url":"https:\/\/www.yachting-home.com\/blog\/","name":"Blog Yachting Home","description":"Des conseils et astuces pour votre confort \u00e0 bord","publisher":{"@id":"https:\/\/www.yachting-home.com\/blog\/#organization"},"potentialAction":[{"@type":"SearchAction","target":{"@type":"EntryPoint","urlTemplate":"https:\/\/www.yachting-home.com\/blog\/?s={search_term_string}"},"query-input":{"@type":"PropertyValueSpecification","valueRequired":true,"valueName":"search_term_string"}}],"inLanguage":"fr-FR"},{"@type":"Organization","@id":"https:\/\/www.yachting-home.com\/blog\/#organization","name":"Yachting Home","url":"https:\/\/www.yachting-home.com\/blog\/","logo":{"@type":"ImageObject","inLanguage":"fr-FR","@id":"https:\/\/www.yachting-home.com\/blog\/#\/schema\/logo\/image\/","url":"https:\/\/www.yachting-home.com\/blog\/wp-content\/uploads\/2025\/06\/logo-YH-2.jpg","contentUrl":"https:\/\/www.yachting-home.com\/blog\/wp-content\/uploads\/2025\/06\/logo-YH-2.jpg","width":1384,"height":357,"caption":"Yachting Home"},"image":{"@id":"https:\/\/www.yachting-home.com\/blog\/#\/schema\/logo\/image\/"},"sameAs":["https:\/\/www.facebook.com\/yachtinghome\/","https:\/\/fr.pinterest.com\/yachtinghome\/","https:\/\/www.instagram.com\/yachting_home\/"]}]}},"_links":{"self":[{"href":"https:\/\/www.yachting-home.com\/blog\/wp-json\/wp\/v2\/pages\/2","targetHints":{"allow":["GET"]}}],"collection":[{"href":"https:\/\/www.yachting-home.com\/blog\/wp-json\/wp\/v2\/pages"}],"about":[{"href":"https:\/\/www.yachting-home.com\/blog\/wp-json\/wp\/v2\/types\/page"}],"author":[{"embeddable":true,"href":"https:\/\/www.yachting-home.com\/blog\/wp-json\/wp\/v2\/users\/1"}],"replies":[{"embeddable":true,"href":"https:\/\/www.yachting-home.com\/blog\/wp-json\/wp\/v2\/comments?post=2"}],"version-history":[{"count":1,"href":"https:\/\/www.yachting-home.com\/blog\/wp-json\/wp\/v2\/pages\/2\/revisions"}],"predecessor-version":[{"id":85,"href":"https:\/\/www.yachting-home.com\/blog\/wp-json\/wp\/v2\/pages\/2\/revisions\/85"}],"wp:attachment":[{"href":"https:\/\/www.yachting-home.com\/blog\/wp-json\/wp\/v2\/media?parent=2"}],"curies":[{"name":"wp","href":"https:\/\/api.w.org\/{rel}","templated":true}]}}