{"id":3,"date":"2019-10-16T12:32:10","date_gmt":"2019-10-16T10:32:10","guid":{"rendered":"https:\/\/yachting-home.com\/blog3\/?page_id=3"},"modified":"2019-11-21T17:25:56","modified_gmt":"2019-11-21T16:25:56","slug":"politique-de-confidentialite","status":"publish","type":"page","link":"https:\/\/www.yachting-home.com\/blog\/politique-de-confidentialite\/","title":{"rendered":"Politique de confidentialit\u00e9"},"content":{"rendered":"\n<h2 class=\"wp-block-heading\">Commentaires<\/h2>\n\n\n\n<p>Quand vous laissez un commentaire sur notre blog, les donn\u00e9es inscrites dans le formulaire de commentaire, mais aussi votre adresse IP et l\u2019agent utilisateur de votre navigateur sont collect\u00e9s pour nous aider \u00e0 la d\u00e9tection des commentaires ind\u00e9sirables.<\/p>\n\n\n\n<p>Si vous d\u00e9posez un commentaire sur notre blog, il vous sera propos\u00e9 d\u2019enregistrer votre nom, adresse de messagerie et site web dans des cookies. C\u2019est uniquement pour votre confort afin de ne pas avoir \u00e0 saisir ces informations si vous d\u00e9posez un autre commentaire plus tard. Ces cookies expirent au bout d\u2019un an.<\/p>\n\n\n\n<p>Les commentaires des visiteurs peuvent \u00eatre v\u00e9rifi\u00e9s \u00e0 l\u2019aide d\u2019un service automatis\u00e9 de d\u00e9tection des commentaires ind\u00e9sirables.<\/p>\n\n\n\n<h2 class=\"wp-block-heading\"><strong>Collecte de l\u2019information<\/strong><\/h2>\n\n\n\n<p>Nous recevons et enregistrons automatiquement des informations \u00e0 partir de votre ordinateur et navigateur, y compris votre adresse IP, vos logiciels et votre mat\u00e9riel, et la page que vous demandez.<\/p>\n\n\n\n<h2 class=\"wp-block-heading\"><strong>Utilisation des informations<\/strong><\/h2>\n\n\n\n<p>Toutes les informations que nous recueillons aupr\u00e8s de vous peuvent \u00eatre utilis\u00e9es pour :<\/p>\n\n\n\n<ul class=\"wp-block-list\"><li>Personnaliser votre exp\u00e9rience et r\u00e9pondre \u00e0 vos besoins individuels<\/li><li>Fournir un contenu publicitaire personnalis\u00e9<\/li><li>Am\u00e9liorer notre site<\/li><li>Am\u00e9liorer le service client et vos besoins de prise en charge<\/li><li>Vous contacter par e-mail<\/li><li>Administrer un concours, une promotion, ou une enqu\u00eate<\/li><\/ul>\n\n\n\n<p>Nous sommes les seuls propri\u00e9taires des informations recueillies sur ce site. Elles ne seront pas vendues, \u00e9chang\u00e9es, transf\u00e9r\u00e9es, ou donn\u00e9es \u00e0 une autre soci\u00e9t\u00e9 pour n\u2019importe quelle raison, sans votre consentement, en dehors de ce qui est n\u00e9cessaire pour r\u00e9pondre \u00e0 une de vos demandes.<\/p>\n\n\n\n<h2 class=\"wp-block-heading\"><strong>Divulgation \u00e0 des tiers<\/strong><\/h2>\n\n\n\n<p>Nous ne vendons, n\u2019\u00e9changeons et ne transf\u00e9rons pas vos informations personnelles identifiables \u00e0 des tiers. Cela ne comprend pas les tierce parties de confiance qui nous aident \u00e0 exploiter notre site Web ou \u00e0 mener nos affaires, tant que ces parties conviennent de garder ces informations confidentielles. Nous pensons qu\u2019il est n\u00e9cessaire de partager des informations afin d\u2019enqu\u00eater, de pr\u00e9venir ou de prendre des mesures concernant des activit\u00e9s ill\u00e9gales, fraudes pr\u00e9sum\u00e9es, situations impliquant des menaces potentielles \u00e0 la s\u00e9curit\u00e9 physique de toute personne, violations de nos conditions d\u2019utilisation, ou quand la loi nous y contraint. Les informations non-priv\u00e9es, cependant, peuvent \u00eatre fournies \u00e0 d\u2019autres parties pour le marketing, la publicit\u00e9, ou d\u2019autres utilisations.<\/p>\n\n\n\n<h2 class=\"wp-block-heading\"><strong>Protection des informations<\/strong><\/h2>\n\n\n\n<p>Nous mettons en \u0153uvre une vari\u00e9t\u00e9 de mesures de s\u00e9curit\u00e9 pour pr\u00e9server la s\u00e9curit\u00e9 de vos informations personnelles. Nous utilisons un cryptage \u00e0 la pointe de la technologie pour prot\u00e9ger les informations sensibles transmises en ligne. Nous prot\u00e9geons \u00e9galement vos informations hors ligne. Seuls les employ\u00e9s qui ont besoin d\u2019effectuer un travail sp\u00e9cifique (par exemple, la facturation ou le service \u00e0 la client\u00e8le) ont acc\u00e8s aux informations personnelles identifiables. Les ordinateurs et serveurs utilis\u00e9s pour stocker des informations personnelles identifiables sont conserv\u00e9s dans un environnement s\u00e9curis\u00e9.<\/p>\n\n\n\n<h2 class=\"wp-block-heading\"><strong>Est-ce que nous utilisons des cookies ?<\/strong><\/h2>\n\n\n\n<p>Nos cookies am\u00e9liorent l\u2019acc\u00e8s \u00e0 notre site et identifient les visiteurs r\u00e9guliers. En outre, nos cookies am\u00e9liorent l\u2019exp\u00e9rience d\u2019utilisateur gr\u00e2ce au suivi et au ciblage de ses int\u00e9r\u00eats. Cependant, cette utilisation des cookies n\u2019est en aucune fa\u00e7on li\u00e9e \u00e0 des informations personnelles identifiables sur notre site.<\/p>\n\n\n\n<h2 class=\"wp-block-heading\"><strong>Se d\u00e9sabonner<\/strong><\/h2>\n\n\n\n<p>Nous utilisons l\u2019adresse e-mail que vous fournissez pour vous envoyer des informations et mises \u00e0 jour relatives \u00e0 votre commande, des nouvelles de l\u2019entreprise de fa\u00e7on occasionnelle, des informations sur des produits li\u00e9s, etc. Si \u00e0 n\u2019importe quel moment vous souhaitez vous d\u00e9sinscrire et ne plus recevoir d\u2019e-mails, des instructions de d\u00e9sabonnement d\u00e9taill\u00e9es sont incluses en bas de chaque e-mail.<\/p>\n\n\n\n<h2 class=\"wp-block-heading\"><strong>Consentement<\/strong><\/h2>\n\n\n\n<p>En utilisant notre site, vous consentez \u00e0 notre politique de confidentialit\u00e9.<\/p>\n","protected":false},"excerpt":{"rendered":"<p>Commentaires Quand vous laissez un commentaire sur notre blog, les donn\u00e9es inscrites dans le formulaire de commentaire, mais aussi votre adresse IP et l\u2019agent utilisateur de votre navigateur sont collect\u00e9s pour nous aider \u00e0 la d\u00e9tection des commentaires ind\u00e9sirables. Si vous d\u00e9posez un commentaire sur notre blog, il vous sera propos\u00e9 d\u2019enregistrer votre nom, adresse [&hellip;]<\/p>\n","protected":false},"author":1,"featured_media":0,"parent":0,"menu_order":0,"comment_status":"closed","ping_status":"open","template":"","meta":{"footnotes":""},"class_list":["post-3","page","type-page","status-publish","czr-hentry"],"yoast_head":"<!-- This site is optimized with the Yoast SEO plugin v26.4 - https:\/\/yoast.com\/wordpress\/plugins\/seo\/ -->\n<title>Politique de confidentialit\u00e9 - Yachting Home<\/title>\n<meta name=\"robots\" content=\"index, follow, max-snippet:-1, max-image-preview:large, max-video-preview:-1\" \/>\n<link rel=\"canonical\" href=\"https:\/\/www.yachting-home.com\/blog\/politique-de-confidentialite\/\" \/>\n<meta property=\"og:locale\" content=\"fr_FR\" \/>\n<meta property=\"og:type\" content=\"article\" \/>\n<meta property=\"og:title\" content=\"Politique de confidentialit\u00e9 - Yachting Home\" \/>\n<meta property=\"og:description\" content=\"Commentaires Quand vous laissez un commentaire sur notre blog, les donn\u00e9es inscrites dans le formulaire de commentaire, mais aussi votre adresse IP et l\u2019agent utilisateur de votre navigateur sont collect\u00e9s pour nous aider \u00e0 la d\u00e9tection des commentaires ind\u00e9sirables. Si vous d\u00e9posez un commentaire sur notre blog, il vous sera propos\u00e9 d\u2019enregistrer votre nom, adresse [&hellip;]\" \/>\n<meta property=\"og:url\" content=\"https:\/\/www.yachting-home.com\/blog\/politique-de-confidentialite\/\" \/>\n<meta property=\"og:site_name\" content=\"Yachting Home\" \/>\n<meta property=\"article:publisher\" content=\"https:\/\/www.facebook.com\/yachtinghome\/\" \/>\n<meta property=\"article:modified_time\" content=\"2019-11-21T16:25:56+00:00\" \/>\n<meta name=\"twitter:card\" content=\"summary_large_image\" \/>\n<meta name=\"twitter:label1\" content=\"Dur\u00e9e de lecture estim\u00e9e\" \/>\n\t<meta name=\"twitter:data1\" content=\"3 minutes\" \/>\n<script type=\"application\/ld+json\" class=\"yoast-schema-graph\">{\"@context\":\"https:\/\/schema.org\",\"@graph\":[{\"@type\":\"WebPage\",\"@id\":\"https:\/\/www.yachting-home.com\/blog\/politique-de-confidentialite\/\",\"url\":\"https:\/\/www.yachting-home.com\/blog\/politique-de-confidentialite\/\",\"name\":\"Politique de confidentialit\u00e9 - Yachting Home\",\"isPartOf\":{\"@id\":\"https:\/\/www.yachting-home.com\/blog\/#website\"},\"datePublished\":\"2019-10-16T10:32:10+00:00\",\"dateModified\":\"2019-11-21T16:25:56+00:00\",\"breadcrumb\":{\"@id\":\"https:\/\/www.yachting-home.com\/blog\/politique-de-confidentialite\/#breadcrumb\"},\"inLanguage\":\"fr-FR\",\"potentialAction\":[{\"@type\":\"ReadAction\",\"target\":[\"https:\/\/www.yachting-home.com\/blog\/politique-de-confidentialite\/\"]}]},{\"@type\":\"BreadcrumbList\",\"@id\":\"https:\/\/www.yachting-home.com\/blog\/politique-de-confidentialite\/#breadcrumb\",\"itemListElement\":[{\"@type\":\"ListItem\",\"position\":1,\"name\":\"Accueil\",\"item\":\"https:\/\/www.yachting-home.com\/blog\/\"},{\"@type\":\"ListItem\",\"position\":2,\"name\":\"Politique de confidentialit\u00e9\"}]},{\"@type\":\"WebSite\",\"@id\":\"https:\/\/www.yachting-home.com\/blog\/#website\",\"url\":\"https:\/\/www.yachting-home.com\/blog\/\",\"name\":\"Blog Yachting Home\",\"description\":\"Des conseils et astuces pour votre confort \u00e0 bord\",\"publisher\":{\"@id\":\"https:\/\/www.yachting-home.com\/blog\/#organization\"},\"potentialAction\":[{\"@type\":\"SearchAction\",\"target\":{\"@type\":\"EntryPoint\",\"urlTemplate\":\"https:\/\/www.yachting-home.com\/blog\/?s={search_term_string}\"},\"query-input\":{\"@type\":\"PropertyValueSpecification\",\"valueRequired\":true,\"valueName\":\"search_term_string\"}}],\"inLanguage\":\"fr-FR\"},{\"@type\":\"Organization\",\"@id\":\"https:\/\/www.yachting-home.com\/blog\/#organization\",\"name\":\"Yachting Home\",\"url\":\"https:\/\/www.yachting-home.com\/blog\/\",\"logo\":{\"@type\":\"ImageObject\",\"inLanguage\":\"fr-FR\",\"@id\":\"https:\/\/www.yachting-home.com\/blog\/#\/schema\/logo\/image\/\",\"url\":\"https:\/\/www.yachting-home.com\/blog\/wp-content\/uploads\/2025\/06\/logo-YH-2.jpg\",\"contentUrl\":\"https:\/\/www.yachting-home.com\/blog\/wp-content\/uploads\/2025\/06\/logo-YH-2.jpg\",\"width\":1384,\"height\":357,\"caption\":\"Yachting Home\"},\"image\":{\"@id\":\"https:\/\/www.yachting-home.com\/blog\/#\/schema\/logo\/image\/\"},\"sameAs\":[\"https:\/\/www.facebook.com\/yachtinghome\/\",\"https:\/\/fr.pinterest.com\/yachtinghome\/\",\"https:\/\/www.instagram.com\/yachting_home\/\"]}]}<\/script>\n<!-- \/ Yoast SEO plugin. -->","yoast_head_json":{"title":"Politique de confidentialit\u00e9 - Yachting Home","robots":{"index":"index","follow":"follow","max-snippet":"max-snippet:-1","max-image-preview":"max-image-preview:large","max-video-preview":"max-video-preview:-1"},"canonical":"https:\/\/www.yachting-home.com\/blog\/politique-de-confidentialite\/","og_locale":"fr_FR","og_type":"article","og_title":"Politique de confidentialit\u00e9 - Yachting Home","og_description":"Commentaires Quand vous laissez un commentaire sur notre blog, les donn\u00e9es inscrites dans le formulaire de commentaire, mais aussi votre adresse IP et l\u2019agent utilisateur de votre navigateur sont collect\u00e9s pour nous aider \u00e0 la d\u00e9tection des commentaires ind\u00e9sirables. Si vous d\u00e9posez un commentaire sur notre blog, il vous sera propos\u00e9 d\u2019enregistrer votre nom, adresse [&hellip;]","og_url":"https:\/\/www.yachting-home.com\/blog\/politique-de-confidentialite\/","og_site_name":"Yachting Home","article_publisher":"https:\/\/www.facebook.com\/yachtinghome\/","article_modified_time":"2019-11-21T16:25:56+00:00","twitter_card":"summary_large_image","twitter_misc":{"Dur\u00e9e de lecture estim\u00e9e":"3 minutes"},"schema":{"@context":"https:\/\/schema.org","@graph":[{"@type":"WebPage","@id":"https:\/\/www.yachting-home.com\/blog\/politique-de-confidentialite\/","url":"https:\/\/www.yachting-home.com\/blog\/politique-de-confidentialite\/","name":"Politique de confidentialit\u00e9 - Yachting Home","isPartOf":{"@id":"https:\/\/www.yachting-home.com\/blog\/#website"},"datePublished":"2019-10-16T10:32:10+00:00","dateModified":"2019-11-21T16:25:56+00:00","breadcrumb":{"@id":"https:\/\/www.yachting-home.com\/blog\/politique-de-confidentialite\/#breadcrumb"},"inLanguage":"fr-FR","potentialAction":[{"@type":"ReadAction","target":["https:\/\/www.yachting-home.com\/blog\/politique-de-confidentialite\/"]}]},{"@type":"BreadcrumbList","@id":"https:\/\/www.yachting-home.com\/blog\/politique-de-confidentialite\/#breadcrumb","itemListElement":[{"@type":"ListItem","position":1,"name":"Accueil","item":"https:\/\/www.yachting-home.com\/blog\/"},{"@type":"ListItem","position":2,"name":"Politique de confidentialit\u00e9"}]},{"@type":"WebSite","@id":"https:\/\/www.yachting-home.com\/blog\/#website","url":"https:\/\/www.yachting-home.com\/blog\/","name":"Blog Yachting Home","description":"Des conseils et astuces pour votre confort \u00e0 bord","publisher":{"@id":"https:\/\/www.yachting-home.com\/blog\/#organization"},"potentialAction":[{"@type":"SearchAction","target":{"@type":"EntryPoint","urlTemplate":"https:\/\/www.yachting-home.com\/blog\/?s={search_term_string}"},"query-input":{"@type":"PropertyValueSpecification","valueRequired":true,"valueName":"search_term_string"}}],"inLanguage":"fr-FR"},{"@type":"Organization","@id":"https:\/\/www.yachting-home.com\/blog\/#organization","name":"Yachting Home","url":"https:\/\/www.yachting-home.com\/blog\/","logo":{"@type":"ImageObject","inLanguage":"fr-FR","@id":"https:\/\/www.yachting-home.com\/blog\/#\/schema\/logo\/image\/","url":"https:\/\/www.yachting-home.com\/blog\/wp-content\/uploads\/2025\/06\/logo-YH-2.jpg","contentUrl":"https:\/\/www.yachting-home.com\/blog\/wp-content\/uploads\/2025\/06\/logo-YH-2.jpg","width":1384,"height":357,"caption":"Yachting Home"},"image":{"@id":"https:\/\/www.yachting-home.com\/blog\/#\/schema\/logo\/image\/"},"sameAs":["https:\/\/www.facebook.com\/yachtinghome\/","https:\/\/fr.pinterest.com\/yachtinghome\/","https:\/\/www.instagram.com\/yachting_home\/"]}]}},"_links":{"self":[{"href":"https:\/\/www.yachting-home.com\/blog\/wp-json\/wp\/v2\/pages\/3","targetHints":{"allow":["GET"]}}],"collection":[{"href":"https:\/\/www.yachting-home.com\/blog\/wp-json\/wp\/v2\/pages"}],"about":[{"href":"https:\/\/www.yachting-home.com\/blog\/wp-json\/wp\/v2\/types\/page"}],"author":[{"embeddable":true,"href":"https:\/\/www.yachting-home.com\/blog\/wp-json\/wp\/v2\/users\/1"}],"replies":[{"embeddable":true,"href":"https:\/\/www.yachting-home.com\/blog\/wp-json\/wp\/v2\/comments?post=3"}],"version-history":[{"count":8,"href":"https:\/\/www.yachting-home.com\/blog\/wp-json\/wp\/v2\/pages\/3\/revisions"}],"predecessor-version":[{"id":33,"href":"https:\/\/www.yachting-home.com\/blog\/wp-json\/wp\/v2\/pages\/3\/revisions\/33"}],"wp:attachment":[{"href":"https:\/\/www.yachting-home.com\/blog\/wp-json\/wp\/v2\/media?parent=3"}],"curies":[{"name":"wp","href":"https:\/\/api.w.org\/{rel}","templated":true}]}}